{"id":16,"date":"2015-11-27T15:26:52","date_gmt":"2015-11-27T14:26:52","guid":{"rendered":"http:\/\/drinktec-blog.b-rex.de\/?page_id=16&#038;lang=de"},"modified":"2020-02-27T12:50:20","modified_gmt":"2020-02-27T11:50:20","slug":"impressum","status":"publish","type":"page","link":"https:\/\/drinktec-blog.b-rex.de\/de\/impressum\/","title":{"rendered":"Impressum"},"content":{"rendered":"<div class=\"contenttext\">\n<div id=\"headline_imprint\" class=\"intro_text text_image\">\n<div class=\"dom-fix\">\n<div id=\"headline_imprint\" class=\"intro_text text_image\">\n<div class=\"dom-fix\">\n<div id=\"headline_imprint\" class=\"intro_text text_image\">\n<div class=\"dom-fix\">\n<div id=\"headline_imprint\" class=\"intro_text text_image\">\n<p class=\"dom-fix\"><strong>Rechtliche Hinweise der Messe M\u00fcnchen GmbH<\/strong><\/p>\n<p>Messe M\u00fcnchen GmbH<\/p><\/div>\n<div id=\"imprint_text\" class=\"text_image\">\n<div class=\"dom-fix text_pos continuous_text\">\n<div class=\"dom-fix-inline  positionWithoutImage\">Messegel\u00e4nde<br \/>\n81823 M\u00fcnchen<br \/>\nDeutschland<br \/>\nTel.: +49 89 949-20720<br \/>\nFax: +49 89 949-20729<br \/>\nE-Mail:\u00a0<a class=\"link_continuous_text\" href=\"mailto:newsline@messe-muenchen.de\" target=\"_top\" rel=\"noopener noreferrer\">newsline@messe-muenchen.de<\/a><\/p>\n<p><b>Namen der Vertretungsberechtigten<\/b><br \/>\nKlaus Dittrich (Vorsitzender der Gesch\u00e4ftsf\u00fchrung)<br \/>\nDr. Reinhard Pfeiffer (Stellv. Vorsitzender der Gesch\u00e4ftsf\u00fchrung)<br \/>\nStefan Rummel (Gesch\u00e4ftsf\u00fchrer)<br \/>\nFalk Senger (Gesch\u00e4ftsf\u00fchrer)<br \/>\nGerhard Gerritzen (Stellv. Gesch\u00e4ftsf\u00fchrer)<br \/>\nMonika Dech (Stellv. Gesch\u00e4ftsf\u00fchrerin)<\/p>\n<p><b>Aufsichtsratsvorsitzender<\/b><br \/>\nStaatsminister Hubert Aiwanger<\/p>\n<p><b>Registereintragung<\/b><br \/>\nRegistergericht M\u00fcnchen HRB 6311<\/p>\n<p><b>Umsatzsteuer-Identifikationsnummer<\/b><br \/>\nUSt-ID-Nr.: DE129424028<\/p>\n<p><b>Steuernummer<\/b><br \/>\nSt.-Nr. 143\/161\/90414<\/p>\n<p><b>Urheberrecht<\/b><br \/>\nCopyright 2020 Messe M\u00fcnchen GmbH. Alle Rechte vorbehalten. Alle Texte, Bilder, Graphiken, Ton-, Video- und Animationsdateien sowie ihre Arrangements unterliegen dem Urheberrecht und anderen Gesetzen zum Schutz geistigen Eigentums. Sie d\u00fcrfen weder f\u00fcr Handelszwecke oder zur Weitergabe kopiert, noch ver\u00e4ndert und auf anderen Web-Sites verwendet werden. Einige Internet-Seiten der Messe M\u00fcnchen enthalten auch Bilder, die dem Urheberrecht derjenigen unterliegen, die diese zur Verf\u00fcgung gestellt haben.<\/p>\n<p><b>Handelsmarken<\/b><br \/>\nWo nicht anders angegeben, sind alle auf den Internet-Seiten der Messe M\u00fcnchen genannten Handelsmarken gesetzlich gesch\u00fctzte Warenzeichen der Messe M\u00fcnchen, einschlie\u00dflich aller Hauptmarken der Messe M\u00fcnchen (Messe M\u00fcnchen, ICM \u2013 Internationales Congress Center M\u00fcnchen, MOC Veranstaltungscenter M\u00fcnchen, Bauzentrum Poing), der Messenamen sowie aller Logos und Embleme des Unternehmens.<\/p>\n<p><b>Gew\u00e4hrleistung<\/b><br \/>\nDie Informationen stellt die Messe M\u00fcnchen ohne jegliche Zusicherung oder Gew\u00e4hrleistung jedweder Art, sei sie ausdr\u00fccklich oder stillschweigend, zur Verf\u00fcgung. Ausgeschlossen sind auch alle stillschweigenden Gew\u00e4hrleistungen betreffend die Handelsf\u00e4higkeit, die Eignung f\u00fcr bestimmte Zwecke oder den Nichtversto\u00df gegen Gesetze und Patente. Auch wenn wir davon ausgehen, dass die von uns gegebenen Informationen zutreffend sind, k\u00f6nnen sie dennoch Fehler oder Ungenauigkeiten enthalten.<\/p>\n<p><b>Lizenzrechte<\/b><br \/>\nDie Messe M\u00fcnchen m\u00f6chte Ihnen ein innovatives und informatives Internet-Programm anbieten. Wir hoffen deshalb, dass Sie sich \u00fcber unsere kreative Gestaltung genauso freuen wie wir. Wir bitten Sie aber dennoch um Verst\u00e4ndnis daf\u00fcr, dass die Messe M\u00fcnchen ihr geistiges Eigentum, einschlie\u00dflich Patente, Handelsmarken und Urheberrechte, sch\u00fctzen muss und diese Internet-Seiten keinerlei Lizenzrechte an dem geistigen Eigentum der Messe M\u00fcnchen gew\u00e4hren k\u00f6nnen.<\/p>\n<p><b>Externe Verweise und Links<\/b><br \/>\nDie Webseiten der Messe M\u00fcnchen GmbH enthalten z.T. Links bzw. Verkn\u00fcpfungen zu anderen Webseiten. Diese unmittelbaren Links werden von uns mit zumutbarer Sorgfalt gepr\u00fcft. Die Messe M\u00fcnchen GmbH ist f\u00fcr die Inhalte von Webseiten, auf die wir verlinken, nicht verantwortlich. Die Messe M\u00fcnchen GmbH ist zudem nicht verantwortlich f\u00fcr die Inhalte von Webseiten, die auf uns verweisen.<\/p>\n<p>Diese Angaben gelten f\u00fcr alle auf unserer Homepage angezeigten Links und f\u00fcr alle Inhalte der Seiten, zu denen die bei uns angemeldeten Banner und Links f\u00fchren. Sie gelten au\u00dferdem f\u00fcr s\u00e4mtliche Internetauftritte der Messe M\u00fcnchen GmbH inklusive aller Social Media Kan\u00e4le wie Facebook, Twitter, Xing, u.a.<\/p>\n<p><b>Webmaster<\/b><br \/>\nBei Fragen zum Webauftritt wenden Sie sich bitte an:<br \/>\n<a class=\"link_continuous_text\" href=\"mailto:webmaster@messe-muenchen.de\" target=\"_top\" rel=\"noopener noreferrer\">webmaster@messe-muenchen.de<\/a><\/div>\n<\/div>\n<\/div>\n<\/div>\n<\/div>\n<div id=\"imprint_text\" class=\"text_image\">\n<div class=\"dom-fix text_pos continuous_text\">\n<div class=\"dom-fix-inline  positionWithoutImage\"><\/div>\n<\/div>\n<\/div>\n<\/div>\n<\/div>\n<\/div>\n<\/div>\n<\/div>\n<div class=\"shariff shariff-align-left shariff-widget-align-left\" style=\"display:none\" data-services=\"facebook\" data-url=\"https:\/\/drinktec-blog.b-rex.de\/de\/impressum\/\" data-timestamp=\"1582807820\" data-hidezero=\"1\" data-backendurl=\"https:\/\/drinktec-blog.b-rex.de\/de\/wp-json\/shariff\/v1\/share_counts?\"><ul class=\"shariff-buttons theme-default orientation-horizontal buttonsize-medium\"><li class=\"shariff-button facebook shariff-nocustomcolor\" style=\"background-color:#4273c8\"><a href=\"https:\/\/www.facebook.com\/sharer\/sharer.php?u=https%3A%2F%2Fdrinktec-blog.b-rex.de%2Fde%2Fimpressum%2F\" title=\"Bei Facebook teilen\" aria-label=\"Bei Facebook teilen\" role=\"button\" rel=\"nofollow\" class=\"shariff-link\" style=\"; background-color:#3b5998; color:#fff\" target=\"_blank\"><span class=\"shariff-icon\" style=\"\"><svg width=\"32px\" height=\"20px\" xmlns=\"http:\/\/www.w3.org\/2000\/svg\" viewBox=\"0 0 18 32\"><path fill=\"#3b5998\" d=\"M17.1 0.2v4.7h-2.8q-1.5 0-2.1 0.6t-0.5 1.9v3.4h5.2l-0.7 5.3h-4.5v13.6h-5.5v-13.6h-4.5v-5.3h4.5v-3.9q0-3.3 1.9-5.2t5-1.8q2.6 0 4.1 0.2z\"\/><\/svg><\/span><span class=\"shariff-text\">teilen<\/span>&nbsp;<span data-service=\"facebook\" style=\"color:#3b5998\" class=\"shariff-count shariff-hidezero\"><\/span>&nbsp;<\/a><\/li><li class=\"shariff-button twitter shariff-nocustomcolor\" style=\"background-color:#595959\"><a href=\"https:\/\/twitter.com\/share?url=https%3A%2F%2Fdrinktec-blog.b-rex.de%2Fde%2Fimpressum%2F&text=Impressum\" title=\"Bei X teilen\" aria-label=\"Bei X teilen\" role=\"button\" rel=\"noopener nofollow\" class=\"shariff-link\" style=\"; background-color:#000; color:#fff\" target=\"_blank\"><span class=\"shariff-icon\" style=\"\"><svg width=\"32px\" height=\"20px\" xmlns=\"http:\/\/www.w3.org\/2000\/svg\" viewBox=\"0 0 24 24\"><path fill=\"#000\" d=\"M14.258 10.152L23.176 0h-2.113l-7.747 8.813L7.133 0H0l9.352 13.328L0 23.973h2.113l8.176-9.309 6.531 9.309h7.133zm-2.895 3.293l-.949-1.328L2.875 1.56h3.246l6.086 8.523.945 1.328 7.91 11.078h-3.246zm0 0\"\/><\/svg><\/span><span class=\"shariff-text\">teilen<\/span>&nbsp;<\/a><\/li><li class=\"shariff-button linkedin shariff-nocustomcolor\" style=\"background-color:#1488bf\"><a href=\"https:\/\/www.linkedin.com\/sharing\/share-offsite\/?url=https%3A%2F%2Fdrinktec-blog.b-rex.de%2Fde%2Fimpressum%2F\" title=\"Bei LinkedIn teilen\" aria-label=\"Bei LinkedIn teilen\" role=\"button\" rel=\"noopener nofollow\" class=\"shariff-link\" style=\"; background-color:#0077b5; color:#fff\" target=\"_blank\"><span class=\"shariff-icon\" style=\"\"><svg width=\"32px\" height=\"20px\" xmlns=\"http:\/\/www.w3.org\/2000\/svg\" viewBox=\"0 0 27 32\"><path fill=\"#0077b5\" d=\"M6.2 11.2v17.7h-5.9v-17.7h5.9zM6.6 5.7q0 1.3-0.9 2.2t-2.4 0.9h0q-1.5 0-2.4-0.9t-0.9-2.2 0.9-2.2 2.4-0.9 2.4 0.9 0.9 2.2zM27.4 18.7v10.1h-5.9v-9.5q0-1.9-0.7-2.9t-2.3-1.1q-1.1 0-1.9 0.6t-1.2 1.5q-0.2 0.5-0.2 1.4v9.9h-5.9q0-7.1 0-11.6t0-5.3l0-0.9h5.9v2.6h0q0.4-0.6 0.7-1t1-0.9 1.6-0.8 2-0.3q3 0 4.9 2t1.9 6z\"\/><\/svg><\/span><span class=\"shariff-text\">teilen<\/span>&nbsp;<\/a><\/li><li class=\"shariff-button xing shariff-nocustomcolor\" style=\"background-color:#29888a\"><a href=\"https:\/\/www.xing.com\/spi\/shares\/new?url=https%3A%2F%2Fdrinktec-blog.b-rex.de%2Fde%2Fimpressum%2F\" title=\"Bei XING teilen\" aria-label=\"Bei XING teilen\" role=\"button\" rel=\"noopener nofollow\" class=\"shariff-link\" style=\"; background-color:#126567; color:#fff\" target=\"_blank\"><span class=\"shariff-icon\" style=\"\"><svg width=\"32px\" height=\"20px\" xmlns=\"http:\/\/www.w3.org\/2000\/svg\" viewBox=\"0 0 25 32\"><path fill=\"#126567\" d=\"M10.7 11.9q-0.2 0.3-4.6 8.2-0.5 0.8-1.2 0.8h-4.3q-0.4 0-0.5-0.3t0-0.6l4.5-8q0 0 0 0l-2.9-5q-0.2-0.4 0-0.7 0.2-0.3 0.5-0.3h4.3q0.7 0 1.2 0.8zM25.1 0.4q0.2 0.3 0 0.7l-9.4 16.7 6 11q0.2 0.4 0 0.6-0.2 0.3-0.6 0.3h-4.3q-0.7 0-1.2-0.8l-6-11.1q0.3-0.6 9.5-16.8 0.4-0.8 1.2-0.8h4.3q0.4 0 0.5 0.3z\"\/><\/svg><\/span><span class=\"shariff-text\">teilen<\/span>&nbsp;<\/a><\/li><li class=\"shariff-button mailto shariff-nocustomcolor\" style=\"background-color:#a8a8a8\"><a href=\"mailto:?body=https%3A%2F%2Fdrinktec-blog.b-rex.de%2Fde%2Fimpressum%2F&subject=Impressum\" title=\"Per E-Mail versenden\" aria-label=\"Per E-Mail versenden\" role=\"button\" rel=\"noopener nofollow\" class=\"shariff-link\" style=\"; background-color:#999; color:#fff\"><span class=\"shariff-icon\" style=\"\"><svg width=\"32px\" height=\"20px\" xmlns=\"http:\/\/www.w3.org\/2000\/svg\" viewBox=\"0 0 32 32\"><path fill=\"#999\" d=\"M32 12.7v14.2q0 1.2-0.8 2t-2 0.9h-26.3q-1.2 0-2-0.9t-0.8-2v-14.2q0.8 0.9 1.8 1.6 6.5 4.4 8.9 6.1 1 0.8 1.6 1.2t1.7 0.9 2 0.4h0.1q0.9 0 2-0.4t1.7-0.9 1.6-1.2q3-2.2 8.9-6.1 1-0.7 1.8-1.6zM32 7.4q0 1.4-0.9 2.7t-2.2 2.2q-6.7 4.7-8.4 5.8-0.2 0.1-0.7 0.5t-1 0.7-0.9 0.6-1.1 0.5-0.9 0.2h-0.1q-0.4 0-0.9-0.2t-1.1-0.5-0.9-0.6-1-0.7-0.7-0.5q-1.6-1.1-4.7-3.2t-3.6-2.6q-1.1-0.7-2.1-2t-1-2.5q0-1.4 0.7-2.3t2.1-0.9h26.3q1.2 0 2 0.8t0.9 2z\"\/><\/svg><\/span><span class=\"shariff-text\">E-Mail<\/span>&nbsp;<\/a><\/li><\/ul><\/div>","protected":false},"excerpt":{"rendered":"<p>Rechtliche Hinweise der Messe M\u00fcnchen GmbH Messe M\u00fcnchen GmbH Messegel\u00e4nde 81823 M\u00fcnchen Deutschland Tel.: +49 89 949-20720 Fax: +49 89&#46;&#46;&#46;<\/p>\n","protected":false},"author":45,"featured_media":0,"parent":0,"menu_order":0,"comment_status":"closed","ping_status":"closed","template":"","meta":{"footnotes":""},"yoast_head":"<!-- This site is optimized with the Yoast SEO plugin v23.5 - https:\/\/yoast.com\/wordpress\/plugins\/seo\/ -->\n<title>Impressum - drinktec Blog<\/title>\n<meta name=\"robots\" content=\"noindex, follow, max-snippet:-1, max-image-preview:large, max-video-preview:-1\" \/>\n<meta property=\"og:locale\" content=\"de_DE\" \/>\n<meta property=\"og:type\" content=\"article\" \/>\n<meta property=\"og:title\" content=\"Impressum - drinktec Blog\" \/>\n<meta property=\"og:description\" content=\"Rechtliche Hinweise der Messe M\u00fcnchen GmbH Messe M\u00fcnchen GmbH Messegel\u00e4nde 81823 M\u00fcnchen Deutschland Tel.: +49 89 949-20720 Fax: +49 89&#046;&#046;&#046;\" \/>\n<meta property=\"og:url\" content=\"https:\/\/drinktec-blog.b-rex.de\/de\/impressum\/\" \/>\n<meta property=\"og:site_name\" content=\"drinktec Blog\" \/>\n<meta property=\"article:publisher\" content=\"https:\/\/www.facebook.com\/drinktec\" \/>\n<meta property=\"article:modified_time\" content=\"2020-02-27T11:50:20+00:00\" \/>\n<meta name=\"twitter:card\" content=\"summary_large_image\" \/>\n<meta name=\"twitter:site\" content=\"@drinktec\" \/>\n<meta name=\"twitter:label1\" content=\"Gesch\u00e4tzte Lesezeit\" \/>\n\t<meta name=\"twitter:data1\" content=\"2\u00a0Minuten\" \/>\n<script type=\"application\/ld+json\" class=\"yoast-schema-graph\">{\"@context\":\"https:\/\/schema.org\",\"@graph\":[{\"@type\":\"WebPage\",\"@id\":\"https:\/\/drinktec-blog.b-rex.de\/de\/impressum\/\",\"url\":\"https:\/\/drinktec-blog.b-rex.de\/de\/impressum\/\",\"name\":\"Impressum - drinktec Blog\",\"isPartOf\":{\"@id\":\"https:\/\/drinktec-blog.b-rex.de\/de\/#website\"},\"datePublished\":\"2015-11-27T14:26:52+00:00\",\"dateModified\":\"2020-02-27T11:50:20+00:00\",\"breadcrumb\":{\"@id\":\"https:\/\/drinktec-blog.b-rex.de\/de\/impressum\/#breadcrumb\"},\"inLanguage\":\"de\",\"potentialAction\":[{\"@type\":\"ReadAction\",\"target\":[\"https:\/\/drinktec-blog.b-rex.de\/de\/impressum\/\"]}]},{\"@type\":\"BreadcrumbList\",\"@id\":\"https:\/\/drinktec-blog.b-rex.de\/de\/impressum\/#breadcrumb\",\"itemListElement\":[{\"@type\":\"ListItem\",\"position\":1,\"name\":\"Home\",\"item\":\"https:\/\/drinktec-blog.b-rex.de\/de\/\"},{\"@type\":\"ListItem\",\"position\":2,\"name\":\"Impressum\"}]},{\"@type\":\"WebSite\",\"@id\":\"https:\/\/drinktec-blog.b-rex.de\/de\/#website\",\"url\":\"https:\/\/drinktec-blog.b-rex.de\/de\/\",\"name\":\"drinktec Blog\",\"description\":\"News f\u00fcr die Getr\u00e4nke- und Liquid-Food-Industrie\",\"publisher\":{\"@id\":\"https:\/\/drinktec-blog.b-rex.de\/de\/#organization\"},\"potentialAction\":[{\"@type\":\"SearchAction\",\"target\":{\"@type\":\"EntryPoint\",\"urlTemplate\":\"https:\/\/drinktec-blog.b-rex.de\/de\/?s={search_term_string}\"},\"query-input\":{\"@type\":\"PropertyValueSpecification\",\"valueRequired\":true,\"valueName\":\"search_term_string\"}}],\"inLanguage\":\"de\"},{\"@type\":\"Organization\",\"@id\":\"https:\/\/drinktec-blog.b-rex.de\/de\/#organization\",\"name\":\"drinktec - Weltleitmesse f\u00fcr die Getr\u00e4nke- und Liquid-Food-Industrie\",\"url\":\"https:\/\/drinktec-blog.b-rex.de\/de\/\",\"logo\":{\"@type\":\"ImageObject\",\"inLanguage\":\"de\",\"@id\":\"https:\/\/drinktec-blog.b-rex.de\/de\/#\/schema\/logo\/image\/\",\"url\":\"https:\/\/drinktec-blog.b-rex.de\/http:\/\/drinktec-blog.b-rex.de\/wp-content\/uploads\/2018\/08\/drinktec_lettclaim_rgb.jpg\",\"contentUrl\":\"https:\/\/drinktec-blog.b-rex.de\/http:\/\/drinktec-blog.b-rex.de\/wp-content\/uploads\/2018\/08\/drinktec_lettclaim_rgb.jpg\",\"width\":591,\"height\":170,\"caption\":\"drinktec - Weltleitmesse f\u00fcr die Getr\u00e4nke- und Liquid-Food-Industrie\"},\"image\":{\"@id\":\"https:\/\/drinktec-blog.b-rex.de\/de\/#\/schema\/logo\/image\/\"},\"sameAs\":[\"https:\/\/www.facebook.com\/drinktec\",\"https:\/\/x.com\/drinktec\"]}]}<\/script>\n<!-- \/ Yoast SEO plugin. -->","yoast_head_json":{"title":"Impressum - drinktec Blog","robots":{"index":"noindex","follow":"follow","max-snippet":"max-snippet:-1","max-image-preview":"max-image-preview:large","max-video-preview":"max-video-preview:-1"},"og_locale":"de_DE","og_type":"article","og_title":"Impressum - drinktec Blog","og_description":"Rechtliche Hinweise der Messe M\u00fcnchen GmbH Messe M\u00fcnchen GmbH Messegel\u00e4nde 81823 M\u00fcnchen Deutschland Tel.: +49 89 949-20720 Fax: +49 89&#46;&#46;&#46;","og_url":"https:\/\/drinktec-blog.b-rex.de\/de\/impressum\/","og_site_name":"drinktec Blog","article_publisher":"https:\/\/www.facebook.com\/drinktec","article_modified_time":"2020-02-27T11:50:20+00:00","twitter_card":"summary_large_image","twitter_site":"@drinktec","twitter_misc":{"Gesch\u00e4tzte Lesezeit":"2\u00a0Minuten"},"schema":{"@context":"https:\/\/schema.org","@graph":[{"@type":"WebPage","@id":"https:\/\/drinktec-blog.b-rex.de\/de\/impressum\/","url":"https:\/\/drinktec-blog.b-rex.de\/de\/impressum\/","name":"Impressum - drinktec Blog","isPartOf":{"@id":"https:\/\/drinktec-blog.b-rex.de\/de\/#website"},"datePublished":"2015-11-27T14:26:52+00:00","dateModified":"2020-02-27T11:50:20+00:00","breadcrumb":{"@id":"https:\/\/drinktec-blog.b-rex.de\/de\/impressum\/#breadcrumb"},"inLanguage":"de","potentialAction":[{"@type":"ReadAction","target":["https:\/\/drinktec-blog.b-rex.de\/de\/impressum\/"]}]},{"@type":"BreadcrumbList","@id":"https:\/\/drinktec-blog.b-rex.de\/de\/impressum\/#breadcrumb","itemListElement":[{"@type":"ListItem","position":1,"name":"Home","item":"https:\/\/drinktec-blog.b-rex.de\/de\/"},{"@type":"ListItem","position":2,"name":"Impressum"}]},{"@type":"WebSite","@id":"https:\/\/drinktec-blog.b-rex.de\/de\/#website","url":"https:\/\/drinktec-blog.b-rex.de\/de\/","name":"drinktec Blog","description":"News f\u00fcr die Getr\u00e4nke- und Liquid-Food-Industrie","publisher":{"@id":"https:\/\/drinktec-blog.b-rex.de\/de\/#organization"},"potentialAction":[{"@type":"SearchAction","target":{"@type":"EntryPoint","urlTemplate":"https:\/\/drinktec-blog.b-rex.de\/de\/?s={search_term_string}"},"query-input":{"@type":"PropertyValueSpecification","valueRequired":true,"valueName":"search_term_string"}}],"inLanguage":"de"},{"@type":"Organization","@id":"https:\/\/drinktec-blog.b-rex.de\/de\/#organization","name":"drinktec - Weltleitmesse f\u00fcr die Getr\u00e4nke- und Liquid-Food-Industrie","url":"https:\/\/drinktec-blog.b-rex.de\/de\/","logo":{"@type":"ImageObject","inLanguage":"de","@id":"https:\/\/drinktec-blog.b-rex.de\/de\/#\/schema\/logo\/image\/","url":"https:\/\/drinktec-blog.b-rex.de\/http:\/\/drinktec-blog.b-rex.de\/wp-content\/uploads\/2018\/08\/drinktec_lettclaim_rgb.jpg","contentUrl":"https:\/\/drinktec-blog.b-rex.de\/http:\/\/drinktec-blog.b-rex.de\/wp-content\/uploads\/2018\/08\/drinktec_lettclaim_rgb.jpg","width":591,"height":170,"caption":"drinktec - Weltleitmesse f\u00fcr die Getr\u00e4nke- und Liquid-Food-Industrie"},"image":{"@id":"https:\/\/drinktec-blog.b-rex.de\/de\/#\/schema\/logo\/image\/"},"sameAs":["https:\/\/www.facebook.com\/drinktec","https:\/\/x.com\/drinktec"]}]}},"_links":{"self":[{"href":"https:\/\/drinktec-blog.b-rex.de\/de\/wp-json\/wp\/v2\/pages\/16"}],"collection":[{"href":"https:\/\/drinktec-blog.b-rex.de\/de\/wp-json\/wp\/v2\/pages"}],"about":[{"href":"https:\/\/drinktec-blog.b-rex.de\/de\/wp-json\/wp\/v2\/types\/page"}],"author":[{"embeddable":true,"href":"https:\/\/drinktec-blog.b-rex.de\/de\/wp-json\/wp\/v2\/users\/45"}],"replies":[{"embeddable":true,"href":"https:\/\/drinktec-blog.b-rex.de\/de\/wp-json\/wp\/v2\/comments?post=16"}],"version-history":[{"count":7,"href":"https:\/\/drinktec-blog.b-rex.de\/de\/wp-json\/wp\/v2\/pages\/16\/revisions"}],"predecessor-version":[{"id":7041,"href":"https:\/\/drinktec-blog.b-rex.de\/de\/wp-json\/wp\/v2\/pages\/16\/revisions\/7041"}],"wp:attachment":[{"href":"https:\/\/drinktec-blog.b-rex.de\/de\/wp-json\/wp\/v2\/media?parent=16"}],"curies":[{"name":"wp","href":"https:\/\/api.w.org\/{rel}","templated":true}]}}